{"id":2147,"date":"2021-11-30T14:59:40","date_gmt":"2021-11-30T14:59:40","guid":{"rendered":"https:\/\/phoenixnoe.at\/?page_id=2147"},"modified":"2022-09-17T12:51:45","modified_gmt":"2022-09-17T12:51:45","slug":"spenden","status":"publish","type":"page","link":"https:\/\/phoenix.mikd.at\/?page_id=2147","title":{"rendered":"Spenden"},"content":{"rendered":"\t\t<div data-elementor-type=\"wp-page\" data-elementor-id=\"2147\" class=\"elementor elementor-2147\" data-elementor-post-type=\"page\">\n\t\t\t\t\t\t<section class=\"elementor-section elementor-top-section elementor-element elementor-element-2425df6 elementor-section-boxed elementor-section-height-default elementor-section-height-default\" data-id=\"2425df6\" data-element_type=\"section\">\n\t\t\t\t\t\t<div class=\"elementor-container elementor-column-gap-default\">\n\t\t\t\t\t<div class=\"elementor-column elementor-col-100 elementor-top-column elementor-element elementor-element-12e263e\" data-id=\"12e263e\" data-element_type=\"column\">\n\t\t\t<div class=\"elementor-widget-wrap elementor-element-populated\">\n\t\t\t\t\t\t<section class=\"elementor-section elementor-inner-section elementor-element elementor-element-9e06535 elementor-section-boxed elementor-section-height-default elementor-section-height-default\" data-id=\"9e06535\" data-element_type=\"section\">\n\t\t\t\t\t\t<div class=\"elementor-container elementor-column-gap-default\">\n\t\t\t\t\t<div class=\"elementor-column elementor-col-100 elementor-inner-column elementor-element elementor-element-00007c3\" data-id=\"00007c3\" data-element_type=\"column\">\n\t\t\t<div class=\"elementor-widget-wrap elementor-element-populated\">\n\t\t\t\t\t\t<div class=\"elementor-element elementor-element-2b4a6f3 elementor-widget elementor-widget-heading\" data-id=\"2b4a6f3\" data-element_type=\"widget\" data-widget_type=\"heading.default\">\n\t\t\t\t<div class=\"elementor-widget-container\">\n\t\t\t\t\t<h2 class=\"elementor-heading-title elementor-size-default\">Mit Ihrer Spende helfen wir Menschen in Not, dort wo es ben\u00f6tigt wird<\/h2>\t\t\t\t<\/div>\n\t\t\t\t<\/div>\n\t\t\t\t<div class=\"elementor-element elementor-element-ae4e082 elementor-widget elementor-widget-text-editor\" data-id=\"ae4e082\" data-element_type=\"widget\" data-widget_type=\"text-editor.default\">\n\t\t\t\t<div class=\"elementor-widget-container\">\n\t\t\t\t\t\t\t\t\t<p>Sie k\u00f6nnen Ihre Spende an das folgende Konto \u00fcberweisen:<\/p><p>\u00a0<\/p><p>Ph\u00f6nix in N\u00d6-Institut<br \/><strong><em>IBAN:<\/em><\/strong>\u00a0AT71 3293 7000 0005 2126<\/p>\t\t\t\t\t\t\t\t<\/div>\n\t\t\t\t<\/div>\n\t\t\t\t\t<\/div>\n\t\t<\/div>\n\t\t\t\t\t<\/div>\n\t\t<\/section>\n\t\t\t\t\t<\/div>\n\t\t<\/div>\n\t\t\t\t\t<\/div>\n\t\t<\/section>\n\t\t\t\t<\/div>\n\t\t","protected":false},"excerpt":{"rendered":"<p>Mit Ihrer Spende helfen wir Menschen in Not, dort wo es ben\u00f6tigt wird Sie k\u00f6nnen Ihre Spende an das folgende Konto \u00fcberweisen: \u00a0 Ph\u00f6nix in N\u00d6-InstitutIBAN:\u00a0AT71 3293 7000 0005 2126<\/p>\n","protected":false},"author":2,"featured_media":0,"parent":0,"menu_order":4,"comment_status":"closed","ping_status":"closed","template":"","meta":{"footnotes":""},"class_list":["post-2147","page","type-page","status-publish","hentry"],"_links":{"self":[{"href":"https:\/\/phoenix.mikd.at\/index.php?rest_route=\/wp\/v2\/pages\/2147","targetHints":{"allow":["GET"]}}],"collection":[{"href":"https:\/\/phoenix.mikd.at\/index.php?rest_route=\/wp\/v2\/pages"}],"about":[{"href":"https:\/\/phoenix.mikd.at\/index.php?rest_route=\/wp\/v2\/types\/page"}],"author":[{"embeddable":true,"href":"https:\/\/phoenix.mikd.at\/index.php?rest_route=\/wp\/v2\/users\/2"}],"replies":[{"embeddable":true,"href":"https:\/\/phoenix.mikd.at\/index.php?rest_route=%2Fwp%2Fv2%2Fcomments&post=2147"}],"version-history":[{"count":12,"href":"https:\/\/phoenix.mikd.at\/index.php?rest_route=\/wp\/v2\/pages\/2147\/revisions"}],"predecessor-version":[{"id":8999,"href":"https:\/\/phoenix.mikd.at\/index.php?rest_route=\/wp\/v2\/pages\/2147\/revisions\/8999"}],"wp:attachment":[{"href":"https:\/\/phoenix.mikd.at\/index.php?rest_route=%2Fwp%2Fv2%2Fmedia&parent=2147"}],"curies":[{"name":"wp","href":"https:\/\/api.w.org\/{rel}","templated":true}]}}