{"id":2064,"date":"2021-11-21T00:02:15","date_gmt":"2021-11-21T00:02:15","guid":{"rendered":"https:\/\/phoenixnoe.at\/?page_id=2064"},"modified":"2022-09-17T12:48:49","modified_gmt":"2022-09-17T12:48:49","slug":"uber-uns","status":"publish","type":"page","link":"https:\/\/phoenix.mikd.at\/?page_id=2064","title":{"rendered":"\u00dcber uns"},"content":{"rendered":"\t\t<div data-elementor-type=\"wp-page\" data-elementor-id=\"2064\" class=\"elementor elementor-2064\" data-elementor-post-type=\"page\">\n\t\t\t\t\t\t<section class=\"elementor-section elementor-top-section elementor-element elementor-element-6a991eb elementor-section-boxed elementor-section-height-default elementor-section-height-default\" data-id=\"6a991eb\" data-element_type=\"section\">\n\t\t\t\t\t\t<div class=\"elementor-container elementor-column-gap-default\">\n\t\t\t\t\t<div class=\"elementor-column elementor-col-100 elementor-top-column elementor-element elementor-element-66f6643\" data-id=\"66f6643\" data-element_type=\"column\">\n\t\t\t<div class=\"elementor-widget-wrap elementor-element-populated\">\n\t\t\t\t\t\t<section class=\"elementor-section elementor-inner-section elementor-element elementor-element-af61514 elementor-section-boxed elementor-section-height-default elementor-section-height-default\" data-id=\"af61514\" data-element_type=\"section\">\n\t\t\t\t\t\t<div class=\"elementor-container elementor-column-gap-default\">\n\t\t\t\t\t<div class=\"elementor-column elementor-col-50 elementor-inner-column elementor-element elementor-element-022b30a\" data-id=\"022b30a\" data-element_type=\"column\">\n\t\t\t<div class=\"elementor-widget-wrap elementor-element-populated\">\n\t\t\t\t\t\t<div class=\"elementor-element elementor-element-4eba5c2 elementor-widget elementor-widget-image\" data-id=\"4eba5c2\" data-element_type=\"widget\" data-widget_type=\"image.default\">\n\t\t\t\t<div class=\"elementor-widget-container\">\n\t\t\t\t\t\t\t\t\t\t\t\t\t\t\t<img fetchpriority=\"high\" decoding=\"async\" width=\"800\" height=\"451\" src=\"https:\/\/phoenix.mikd.at\/wp-content\/uploads\/2022\/09\/phoenix-housing-1024x577.jpg\" class=\"attachment-large size-large wp-image-8902\" alt=\"\" srcset=\"https:\/\/phoenix.mikd.at\/wp-content\/uploads\/2022\/09\/phoenix-housing-1024x577.jpg 1024w, https:\/\/phoenix.mikd.at\/wp-content\/uploads\/2022\/09\/phoenix-housing-300x169.jpg 300w, https:\/\/phoenix.mikd.at\/wp-content\/uploads\/2022\/09\/phoenix-housing-768x433.jpg 768w, https:\/\/phoenix.mikd.at\/wp-content\/uploads\/2022\/09\/phoenix-housing.jpg 1500w\" sizes=\"(max-width: 800px) 100vw, 800px\" \/>\t\t\t\t\t\t\t\t\t\t\t\t\t\t\t<\/div>\n\t\t\t\t<\/div>\n\t\t\t\t\t<\/div>\n\t\t<\/div>\n\t\t\t\t<div class=\"elementor-column elementor-col-50 elementor-inner-column elementor-element elementor-element-99ffc8a\" data-id=\"99ffc8a\" data-element_type=\"column\">\n\t\t\t<div class=\"elementor-widget-wrap elementor-element-populated\">\n\t\t\t\t\t\t<div class=\"elementor-element elementor-element-5e42476 elementor-widget elementor-widget-text-editor\" data-id=\"5e42476\" data-element_type=\"widget\" data-widget_type=\"text-editor.default\">\n\t\t\t\t<div class=\"elementor-widget-container\">\n\t\t\t\t\t\t\t\t\tUnser gemeinn\u00fctziger Verein Ph\u00f6nix in Nieder\u00f6sterreich, der in den Bereichen Bildung, Sport und Kultur t\u00e4tig ist, wurde im Jahre 2010 von motivierten und engagierten Mitgliedern gegr\u00fcndet. Unser Verein, der in diesem Zusammenhang seit vielen Jahren der Bildung und damit der Integration dient, setzt seine Aktivit\u00e4ten im Rahmen seiner M\u00f6glichkeiten fort. In \u00d6sterreich mit einer anderen kulturellen Infrastruktur leistet unser Verein stets einen positiven Beitrag zur Interaktion und zum kulturellen Austausch unserer Gesellschaft mit Organisationen und Treffen. Auf diese Weise hilft es, ein friedliches soziales Umfeld zu schaffen, indem man glaubt, dass Vorurteile in der Gesellschaft gegeneinander abgebaut werden k\u00f6nnen.\nUnser Verein Ph\u00f6nix, der Bildung als Hauptt\u00e4tigkeit angenommen hat, wird weiterhin mit aufrichtigen Absichten und ohne Erwartungen zum Nutzen der Gesellschaft beitragen.\t\t\t\t\t\t\t\t<\/div>\n\t\t\t\t<\/div>\n\t\t\t\t\t<\/div>\n\t\t<\/div>\n\t\t\t\t\t<\/div>\n\t\t<\/section>\n\t\t\t\t\t<\/div>\n\t\t<\/div>\n\t\t\t\t\t<\/div>\n\t\t<\/section>\n\t\t\t\t<\/div>\n\t\t","protected":false},"excerpt":{"rendered":"<p>Unser gemeinn\u00fctziger Verein Ph\u00f6nix in Nieder\u00f6sterreich, der in den Bereichen Bildung, Sport und Kultur t\u00e4tig ist, wurde im Jahre 2010 von motivierten und engagierten Mitgliedern gegr\u00fcndet. Unser Verein, der in diesem Zusammenhang seit vielen Jahren der Bildung und damit der Integration dient, setzt seine Aktivit\u00e4ten im Rahmen seiner M\u00f6glichkeiten fort. In \u00d6sterreich mit einer anderen [&hellip;]<\/p>\n","protected":false},"author":1,"featured_media":0,"parent":0,"menu_order":5,"comment_status":"closed","ping_status":"closed","template":"elementor_header_footer","meta":{"footnotes":""},"class_list":["post-2064","page","type-page","status-publish","hentry"],"_links":{"self":[{"href":"https:\/\/phoenix.mikd.at\/index.php?rest_route=\/wp\/v2\/pages\/2064","targetHints":{"allow":["GET"]}}],"collection":[{"href":"https:\/\/phoenix.mikd.at\/index.php?rest_route=\/wp\/v2\/pages"}],"about":[{"href":"https:\/\/phoenix.mikd.at\/index.php?rest_route=\/wp\/v2\/types\/page"}],"author":[{"embeddable":true,"href":"https:\/\/phoenix.mikd.at\/index.php?rest_route=\/wp\/v2\/users\/1"}],"replies":[{"embeddable":true,"href":"https:\/\/phoenix.mikd.at\/index.php?rest_route=%2Fwp%2Fv2%2Fcomments&post=2064"}],"version-history":[{"count":25,"href":"https:\/\/phoenix.mikd.at\/index.php?rest_route=\/wp\/v2\/pages\/2064\/revisions"}],"predecessor-version":[{"id":8990,"href":"https:\/\/phoenix.mikd.at\/index.php?rest_route=\/wp\/v2\/pages\/2064\/revisions\/8990"}],"wp:attachment":[{"href":"https:\/\/phoenix.mikd.at\/index.php?rest_route=%2Fwp%2Fv2%2Fmedia&parent=2064"}],"curies":[{"name":"wp","href":"https:\/\/api.w.org\/{rel}","templated":true}]}}