{"id":1031,"date":"2023-01-10T07:04:37","date_gmt":"2023-01-10T07:04:37","guid":{"rendered":"https:\/\/virtus.wgl-demo.net\/?page_id=1031"},"modified":"2025-11-04T11:53:58","modified_gmt":"2025-11-04T11:53:58","slug":"phoenix-institut-in-niederosterreich-2","status":"publish","type":"page","link":"https:\/\/phoenix.mikd.at\/","title":{"rendered":"Phoenix Institut in Niederosterreich"},"content":{"rendered":"\t\t<div data-elementor-type=\"wp-page\" data-elementor-id=\"1031\" class=\"elementor elementor-1031\" data-elementor-post-type=\"page\">\n\t\t\t\t\t\t<section class=\"elementor-section elementor-top-section elementor-element elementor-element-85730e9 elementor-section-full_width elementor-section-height-default elementor-section-height-default\" data-id=\"85730e9\" data-element_type=\"section\" data-settings=\"{&quot;background_background&quot;:&quot;classic&quot;}\">\n\t\t\t\t\t\t<div class=\"elementor-container elementor-column-gap-default\">\n\t\t\t\t\t<div class=\"elementor-column elementor-col-100 elementor-top-column elementor-element elementor-element-68eba57\" data-id=\"68eba57\" data-element_type=\"column\">\n\t\t\t<div class=\"elementor-widget-wrap elementor-element-populated\">\n\t\t\t\t\t\t<div class=\"elementor-element elementor-element-213276a elementor-grid-3 elementor-grid-tablet-2 elementor-grid-mobile-1 elementor-posts--thumbnail-top elementor-posts--show-avatar elementor-card-shadow-yes elementor-posts__hover-gradient elementor-widget elementor-widget-posts\" data-id=\"213276a\" data-element_type=\"widget\" data-settings=\"{&quot;pagination_type&quot;:&quot;numbers_and_prev_next&quot;,&quot;cards_columns&quot;:&quot;3&quot;,&quot;cards_columns_tablet&quot;:&quot;2&quot;,&quot;cards_columns_mobile&quot;:&quot;1&quot;,&quot;cards_row_gap&quot;:{&quot;unit&quot;:&quot;px&quot;,&quot;size&quot;:35,&quot;sizes&quot;:[]},&quot;cards_row_gap_tablet&quot;:{&quot;unit&quot;:&quot;px&quot;,&quot;size&quot;:&quot;&quot;,&quot;sizes&quot;:[]},&quot;cards_row_gap_mobile&quot;:{&quot;unit&quot;:&quot;px&quot;,&quot;size&quot;:&quot;&quot;,&quot;sizes&quot;:[]}}\" data-widget_type=\"posts.cards\">\n\t\t\t\t<div class=\"elementor-widget-container\">\n\t\t\t\t\t\t\t<div class=\"elementor-posts-container elementor-posts elementor-posts--skin-cards elementor-grid\" role=\"list\">\n\t\t\t\t<article class=\"elementor-post elementor-grid-item post-9639 post type-post status-publish format-standard has-post-thumbnail hentry category-verein\" role=\"listitem\">\n\t\t\t<div class=\"elementor-post__card\">\n\t\t\t\t<a class=\"elementor-post__thumbnail__link\" href=\"https:\/\/phoenix.mikd.at\/?p=9639\" tabindex=\"-1\" ><div class=\"elementor-post__thumbnail\"><img fetchpriority=\"high\" decoding=\"async\" width=\"240\" height=\"300\" src=\"https:\/\/phoenix.mikd.at\/wp-content\/uploads\/2024\/10\/kermes2024-240x300.jpg\" class=\"attachment-medium size-medium wp-image-9643\" alt=\"\" srcset=\"https:\/\/phoenix.mikd.at\/wp-content\/uploads\/2024\/10\/kermes2024-240x300.jpg 240w, https:\/\/phoenix.mikd.at\/wp-content\/uploads\/2024\/10\/kermes2024-300x375.jpg 300w, https:\/\/phoenix.mikd.at\/wp-content\/uploads\/2024\/10\/kermes2024-819x1024.jpg 819w, https:\/\/phoenix.mikd.at\/wp-content\/uploads\/2024\/10\/kermes2024-768x960.jpg 768w, https:\/\/phoenix.mikd.at\/wp-content\/uploads\/2024\/10\/kermes2024.jpg 1080w\" sizes=\"(max-width: 240px) 100vw, 240px\" \/><\/div><\/a>\n\t\t\t\t<div class=\"elementor-post__badge\">Verein<\/div>\n\t\t\t\t<div class=\"elementor-post__avatar\">\n\t\t\t<img alt='Fatih Y\u0131ld\u0131z' src='https:\/\/secure.gravatar.com\/avatar\/a38002c54dcf1946cb7224db2ba0d0d56c86736d9b2cc82061d1ca51b2e6a051?s=128&#038;d=mm&#038;r=g' srcset='https:\/\/secure.gravatar.com\/avatar\/a38002c54dcf1946cb7224db2ba0d0d56c86736d9b2cc82061d1ca51b2e6a051?s=256&#038;d=mm&#038;r=g 2x' class='img-fluid comment-img avatar-128 photo' height='128' width='128' \/>\t\t<\/div>\n\t\t\t\t<div class=\"elementor-post__text\">\n\t\t\t\t<h3 class=\"elementor-post__title\">\n\t\t\t<a href=\"https:\/\/phoenix.mikd.at\/?p=9639\" >\n\t\t\t\tTraditionelles gemeinn\u00fctziges Fest 4\t\t\t<\/a>\n\t\t<\/h3>\n\t\t\t\t<div class=\"elementor-post__excerpt\">\n\t\t\t<p>Am 02.06 haben wir unser 4. traditionelles gemeinn\u00fctziges Fest erfolgreich veranstaltet. Es war ein Tag voller Freude, Gemeinschaft und wohlt\u00e4tiger Aktivit\u00e4ten. Vielen Dank an alle<\/p>\n\t\t<\/div>\n\t\t\n\t\t<a class=\"elementor-post__read-more\" href=\"https:\/\/phoenix.mikd.at\/?p=9639\" aria-label=\"Read more about Traditionelles gemeinn\u00fctziges Fest 4\" tabindex=\"-1\" >\n\t\t\tMehr lesen \u00bb\t\t<\/a>\n\n\t\t\t\t<\/div>\n\t\t\t\t\t<\/div>\n\t\t<\/article>\n\t\t\t\t<article class=\"elementor-post elementor-grid-item post-9628 post type-post status-publish format-standard has-post-thumbnail hentry category-verein\" role=\"listitem\">\n\t\t\t<div class=\"elementor-post__card\">\n\t\t\t\t<a class=\"elementor-post__thumbnail__link\" href=\"https:\/\/phoenix.mikd.at\/?p=9628\" tabindex=\"-1\" ><div class=\"elementor-post__thumbnail\"><img decoding=\"async\" width=\"300\" height=\"169\" src=\"https:\/\/phoenix.mikd.at\/wp-content\/uploads\/2024\/03\/WhatsApp-Image-2024-03-22-at-21.46.45_106e78d9-300x169.jpg\" class=\"attachment-medium size-medium wp-image-9630\" alt=\"\" srcset=\"https:\/\/phoenix.mikd.at\/wp-content\/uploads\/2024\/03\/WhatsApp-Image-2024-03-22-at-21.46.45_106e78d9-300x169.jpg 300w, https:\/\/phoenix.mikd.at\/wp-content\/uploads\/2024\/03\/WhatsApp-Image-2024-03-22-at-21.46.45_106e78d9-1024x576.jpg 1024w, https:\/\/phoenix.mikd.at\/wp-content\/uploads\/2024\/03\/WhatsApp-Image-2024-03-22-at-21.46.45_106e78d9-768x432.jpg 768w, https:\/\/phoenix.mikd.at\/wp-content\/uploads\/2024\/03\/WhatsApp-Image-2024-03-22-at-21.46.45_106e78d9-1536x864.jpg 1536w, https:\/\/phoenix.mikd.at\/wp-content\/uploads\/2024\/03\/WhatsApp-Image-2024-03-22-at-21.46.45_106e78d9.jpg 1560w\" sizes=\"(max-width: 300px) 100vw, 300px\" \/><\/div><\/a>\n\t\t\t\t<div class=\"elementor-post__badge\">Verein<\/div>\n\t\t\t\t<div class=\"elementor-post__avatar\">\n\t\t\t<img alt='Fatih Y\u0131ld\u0131z' src='https:\/\/secure.gravatar.com\/avatar\/a38002c54dcf1946cb7224db2ba0d0d56c86736d9b2cc82061d1ca51b2e6a051?s=128&#038;d=mm&#038;r=g' srcset='https:\/\/secure.gravatar.com\/avatar\/a38002c54dcf1946cb7224db2ba0d0d56c86736d9b2cc82061d1ca51b2e6a051?s=256&#038;d=mm&#038;r=g 2x' class='img-fluid comment-img avatar-128 photo' height='128' width='128' \/>\t\t<\/div>\n\t\t\t\t<div class=\"elementor-post__text\">\n\t\t\t\t<h3 class=\"elementor-post__title\">\n\t\t\t<a href=\"https:\/\/phoenix.mikd.at\/?p=9628\" >\n\t\t\t\tGemeinsamer Ramadan-Iftar\t\t\t<\/a>\n\t\t<\/h3>\n\t\t\t\t<div class=\"elementor-post__excerpt\">\n\t\t\t<p>Der Verein Ph\u00f6nix organisierte am 21. M\u00e4rz 2024 anl\u00e4sslich des Ramadan ein Iftar-Dinner-Programm. Das Programm fand im Saal der Erl\u00f6serkirche in Wiener Neustadt statt und<\/p>\n\t\t<\/div>\n\t\t\n\t\t<a class=\"elementor-post__read-more\" href=\"https:\/\/phoenix.mikd.at\/?p=9628\" aria-label=\"Read more about Gemeinsamer Ramadan-Iftar\" tabindex=\"-1\" >\n\t\t\tMehr lesen \u00bb\t\t<\/a>\n\n\t\t\t\t<\/div>\n\t\t\t\t\t<\/div>\n\t\t<\/article>\n\t\t\t\t<article class=\"elementor-post elementor-grid-item post-9625 post type-post status-publish format-standard has-post-thumbnail hentry category-verein\" role=\"listitem\">\n\t\t\t<div class=\"elementor-post__card\">\n\t\t\t\t<a class=\"elementor-post__thumbnail__link\" href=\"https:\/\/phoenix.mikd.at\/?p=9625\" tabindex=\"-1\" ><div class=\"elementor-post__thumbnail\"><img decoding=\"async\" width=\"300\" height=\"225\" src=\"https:\/\/phoenix.mikd.at\/wp-content\/uploads\/2024\/01\/WhatsApp-Image-2024-01-12-at-11.12.04_5a469ac7-300x225.jpg\" class=\"attachment-medium size-medium wp-image-9626\" alt=\"\" srcset=\"https:\/\/phoenix.mikd.at\/wp-content\/uploads\/2024\/01\/WhatsApp-Image-2024-01-12-at-11.12.04_5a469ac7-300x225.jpg 300w, https:\/\/phoenix.mikd.at\/wp-content\/uploads\/2024\/01\/WhatsApp-Image-2024-01-12-at-11.12.04_5a469ac7-1024x768.jpg 1024w, https:\/\/phoenix.mikd.at\/wp-content\/uploads\/2024\/01\/WhatsApp-Image-2024-01-12-at-11.12.04_5a469ac7-768x576.jpg 768w, https:\/\/phoenix.mikd.at\/wp-content\/uploads\/2024\/01\/WhatsApp-Image-2024-01-12-at-11.12.04_5a469ac7-1536x1152.jpg 1536w, https:\/\/phoenix.mikd.at\/wp-content\/uploads\/2024\/01\/WhatsApp-Image-2024-01-12-at-11.12.04_5a469ac7.jpg 2048w\" sizes=\"(max-width: 300px) 100vw, 300px\" \/><\/div><\/a>\n\t\t\t\t<div class=\"elementor-post__badge\">Verein<\/div>\n\t\t\t\t<div class=\"elementor-post__avatar\">\n\t\t\t<img alt='Fatih Y\u0131ld\u0131z' src='https:\/\/secure.gravatar.com\/avatar\/a38002c54dcf1946cb7224db2ba0d0d56c86736d9b2cc82061d1ca51b2e6a051?s=128&#038;d=mm&#038;r=g' srcset='https:\/\/secure.gravatar.com\/avatar\/a38002c54dcf1946cb7224db2ba0d0d56c86736d9b2cc82061d1ca51b2e6a051?s=256&#038;d=mm&#038;r=g 2x' class='img-fluid comment-img avatar-128 photo' height='128' width='128' \/>\t\t<\/div>\n\t\t\t\t<div class=\"elementor-post__text\">\n\t\t\t\t<h3 class=\"elementor-post__title\">\n\t\t\t<a href=\"https:\/\/phoenix.mikd.at\/?p=9625\" >\n\t\t\t\tBesuch von Gemeinderat Wiener Neustadt\t\t\t<\/a>\n\t\t<\/h3>\n\t\t\t\t<div class=\"elementor-post__excerpt\">\n\t\t\t<p>Der Verein Ph\u00f6nix hatte am 11.01.2024 G\u00e4ste aus der Gemeinde Wiener Neustadt. Am 11.01.2024 besuchten Frau Eva Anslinger, Herr Horvath Wolfgang (Gemeinderat) und Herr Grundner<\/p>\n\t\t<\/div>\n\t\t\n\t\t<a class=\"elementor-post__read-more\" href=\"https:\/\/phoenix.mikd.at\/?p=9625\" aria-label=\"Read more about Besuch von Gemeinderat Wiener Neustadt\" tabindex=\"-1\" >\n\t\t\tMehr lesen \u00bb\t\t<\/a>\n\n\t\t\t\t<\/div>\n\t\t\t\t\t<\/div>\n\t\t<\/article>\n\t\t\t\t<article class=\"elementor-post elementor-grid-item post-9616 post type-post status-publish format-standard has-post-thumbnail hentry category-verein\" role=\"listitem\">\n\t\t\t<div class=\"elementor-post__card\">\n\t\t\t\t<a class=\"elementor-post__thumbnail__link\" href=\"https:\/\/phoenix.mikd.at\/?p=9616\" tabindex=\"-1\" ><div class=\"elementor-post__thumbnail\"><img loading=\"lazy\" decoding=\"async\" width=\"300\" height=\"300\" src=\"https:\/\/phoenix.mikd.at\/wp-content\/uploads\/2023\/12\/411560550_1829878377529421_7706358612075180178_n-300x300.jpg\" class=\"attachment-medium size-medium wp-image-9617\" alt=\"\" srcset=\"https:\/\/phoenix.mikd.at\/wp-content\/uploads\/2023\/12\/411560550_1829878377529421_7706358612075180178_n-300x300.jpg 300w, https:\/\/phoenix.mikd.at\/wp-content\/uploads\/2023\/12\/411560550_1829878377529421_7706358612075180178_n-100x100.jpg 100w, https:\/\/phoenix.mikd.at\/wp-content\/uploads\/2023\/12\/411560550_1829878377529421_7706358612075180178_n-1024x1024.jpg 1024w, https:\/\/phoenix.mikd.at\/wp-content\/uploads\/2023\/12\/411560550_1829878377529421_7706358612075180178_n-150x150.jpg 150w, https:\/\/phoenix.mikd.at\/wp-content\/uploads\/2023\/12\/411560550_1829878377529421_7706358612075180178_n-768x768.jpg 768w, https:\/\/phoenix.mikd.at\/wp-content\/uploads\/2023\/12\/411560550_1829878377529421_7706358612075180178_n-440x440.jpg 440w, https:\/\/phoenix.mikd.at\/wp-content\/uploads\/2023\/12\/411560550_1829878377529421_7706358612075180178_n-180x180.jpg 180w, https:\/\/phoenix.mikd.at\/wp-content\/uploads\/2023\/12\/411560550_1829878377529421_7706358612075180178_n-120x120.jpg 120w, https:\/\/phoenix.mikd.at\/wp-content\/uploads\/2023\/12\/411560550_1829878377529421_7706358612075180178_n.jpg 1080w\" sizes=\"(max-width: 300px) 100vw, 300px\" \/><\/div><\/a>\n\t\t\t\t<div class=\"elementor-post__badge\">Verein<\/div>\n\t\t\t\t<div class=\"elementor-post__avatar\">\n\t\t\t<img alt='Fatih Y\u0131ld\u0131z' src='https:\/\/secure.gravatar.com\/avatar\/a38002c54dcf1946cb7224db2ba0d0d56c86736d9b2cc82061d1ca51b2e6a051?s=128&#038;d=mm&#038;r=g' srcset='https:\/\/secure.gravatar.com\/avatar\/a38002c54dcf1946cb7224db2ba0d0d56c86736d9b2cc82061d1ca51b2e6a051?s=256&#038;d=mm&#038;r=g 2x' class='img-fluid comment-img avatar-128 photo' height='128' width='128' \/>\t\t<\/div>\n\t\t\t\t<div class=\"elementor-post__text\">\n\t\t\t\t<h3 class=\"elementor-post__title\">\n\t\t\t<a href=\"https:\/\/phoenix.mikd.at\/?p=9616\" >\n\t\t\t\tPh\u00f6nix Verein Weichnachtsseminar\t\t\t<\/a>\n\t\t<\/h3>\n\t\t\t\t<div class=\"elementor-post__excerpt\">\n\t\t\t<p>Als Verein Ph\u00f6nix haben wir am Samstag, den 16. Dezember 2023, ein Weihnachtsseminar in der Fachhochschule Wiener Neustadt veranstaltet. Vizeb\u00fcrgermeister Mag. Dr. Rainer Spenger, Schuldirektorin<\/p>\n\t\t<\/div>\n\t\t\n\t\t<a class=\"elementor-post__read-more\" href=\"https:\/\/phoenix.mikd.at\/?p=9616\" aria-label=\"Read more about Ph\u00f6nix Verein Weichnachtsseminar\" tabindex=\"-1\" >\n\t\t\tMehr lesen \u00bb\t\t<\/a>\n\n\t\t\t\t<\/div>\n\t\t\t\t\t<\/div>\n\t\t<\/article>\n\t\t\t\t<article class=\"elementor-post elementor-grid-item post-9577 post type-post status-publish format-standard has-post-thumbnail hentry category-verein\" role=\"listitem\">\n\t\t\t<div class=\"elementor-post__card\">\n\t\t\t\t<a class=\"elementor-post__thumbnail__link\" href=\"https:\/\/phoenix.mikd.at\/?p=9577\" tabindex=\"-1\" ><div class=\"elementor-post__thumbnail\"><img loading=\"lazy\" decoding=\"async\" width=\"300\" height=\"300\" src=\"https:\/\/phoenix.mikd.at\/wp-content\/uploads\/2023\/12\/407633241_336854985716864_1437504117246273748_n-300x300.jpg\" class=\"attachment-medium size-medium wp-image-9578\" alt=\"\" srcset=\"https:\/\/phoenix.mikd.at\/wp-content\/uploads\/2023\/12\/407633241_336854985716864_1437504117246273748_n-300x300.jpg 300w, https:\/\/phoenix.mikd.at\/wp-content\/uploads\/2023\/12\/407633241_336854985716864_1437504117246273748_n-100x100.jpg 100w, https:\/\/phoenix.mikd.at\/wp-content\/uploads\/2023\/12\/407633241_336854985716864_1437504117246273748_n-1024x1024.jpg 1024w, https:\/\/phoenix.mikd.at\/wp-content\/uploads\/2023\/12\/407633241_336854985716864_1437504117246273748_n-150x150.jpg 150w, https:\/\/phoenix.mikd.at\/wp-content\/uploads\/2023\/12\/407633241_336854985716864_1437504117246273748_n-768x768.jpg 768w, https:\/\/phoenix.mikd.at\/wp-content\/uploads\/2023\/12\/407633241_336854985716864_1437504117246273748_n-440x440.jpg 440w, https:\/\/phoenix.mikd.at\/wp-content\/uploads\/2023\/12\/407633241_336854985716864_1437504117246273748_n-180x180.jpg 180w, https:\/\/phoenix.mikd.at\/wp-content\/uploads\/2023\/12\/407633241_336854985716864_1437504117246273748_n-120x120.jpg 120w, https:\/\/phoenix.mikd.at\/wp-content\/uploads\/2023\/12\/407633241_336854985716864_1437504117246273748_n.jpg 1080w\" sizes=\"(max-width: 300px) 100vw, 300px\" \/><\/div><\/a>\n\t\t\t\t<div class=\"elementor-post__badge\">Verein<\/div>\n\t\t\t\t<div class=\"elementor-post__avatar\">\n\t\t\t<img alt='Fatih Y\u0131ld\u0131z' src='https:\/\/secure.gravatar.com\/avatar\/a38002c54dcf1946cb7224db2ba0d0d56c86736d9b2cc82061d1ca51b2e6a051?s=128&#038;d=mm&#038;r=g' srcset='https:\/\/secure.gravatar.com\/avatar\/a38002c54dcf1946cb7224db2ba0d0d56c86736d9b2cc82061d1ca51b2e6a051?s=256&#038;d=mm&#038;r=g 2x' class='img-fluid comment-img avatar-128 photo' height='128' width='128' \/>\t\t<\/div>\n\t\t\t\t<div class=\"elementor-post__text\">\n\t\t\t\t<h3 class=\"elementor-post__title\">\n\t\t\t<a href=\"https:\/\/phoenix.mikd.at\/?p=9577\" >\n\t\t\t\tVerleihung des \u00d6IF-Integrationsprojektpreises 2023\t\t\t<\/a>\n\t\t<\/h3>\n\t\t\t\t<div class=\"elementor-post__excerpt\">\n\t\t\t<p>Als Verein Ph\u00f6nix wurden wir zur Verleihung des \u00d6IF-Integrationsprojektpreises 2023 eingeladen, an der unser Obmann-Stellvertreter Turgut G\u00fcndo\u011fdu und die Projektverantwortlichen f\u00fcr unseren Verein teilnahmen. Im<\/p>\n\t\t<\/div>\n\t\t\n\t\t<a class=\"elementor-post__read-more\" href=\"https:\/\/phoenix.mikd.at\/?p=9577\" aria-label=\"Read more about Verleihung des \u00d6IF-Integrationsprojektpreises 2023\" tabindex=\"-1\" >\n\t\t\tMehr lesen \u00bb\t\t<\/a>\n\n\t\t\t\t<\/div>\n\t\t\t\t\t<\/div>\n\t\t<\/article>\n\t\t\t\t<article class=\"elementor-post elementor-grid-item post-9571 post type-post status-publish format-standard has-post-thumbnail hentry category-verein\" role=\"listitem\">\n\t\t\t<div class=\"elementor-post__card\">\n\t\t\t\t<a class=\"elementor-post__thumbnail__link\" href=\"https:\/\/phoenix.mikd.at\/?p=9571\" tabindex=\"-1\" ><div class=\"elementor-post__thumbnail\"><img loading=\"lazy\" decoding=\"async\" width=\"300\" height=\"225\" src=\"https:\/\/phoenix.mikd.at\/wp-content\/uploads\/2023\/10\/WhatsApp-Image-2023-10-17-at-21.20.50_07fa34b4-300x225.jpg\" class=\"attachment-medium size-medium wp-image-9574\" alt=\"\" srcset=\"https:\/\/phoenix.mikd.at\/wp-content\/uploads\/2023\/10\/WhatsApp-Image-2023-10-17-at-21.20.50_07fa34b4-300x225.jpg 300w, https:\/\/phoenix.mikd.at\/wp-content\/uploads\/2023\/10\/WhatsApp-Image-2023-10-17-at-21.20.50_07fa34b4-1024x768.jpg 1024w, https:\/\/phoenix.mikd.at\/wp-content\/uploads\/2023\/10\/WhatsApp-Image-2023-10-17-at-21.20.50_07fa34b4-768x576.jpg 768w, https:\/\/phoenix.mikd.at\/wp-content\/uploads\/2023\/10\/WhatsApp-Image-2023-10-17-at-21.20.50_07fa34b4-1536x1152.jpg 1536w, https:\/\/phoenix.mikd.at\/wp-content\/uploads\/2023\/10\/WhatsApp-Image-2023-10-17-at-21.20.50_07fa34b4.jpg 1600w\" sizes=\"(max-width: 300px) 100vw, 300px\" \/><\/div><\/a>\n\t\t\t\t<div class=\"elementor-post__badge\">Verein<\/div>\n\t\t\t\t<div class=\"elementor-post__avatar\">\n\t\t\t<img alt='Fatih Y\u0131ld\u0131z' src='https:\/\/secure.gravatar.com\/avatar\/a38002c54dcf1946cb7224db2ba0d0d56c86736d9b2cc82061d1ca51b2e6a051?s=128&#038;d=mm&#038;r=g' srcset='https:\/\/secure.gravatar.com\/avatar\/a38002c54dcf1946cb7224db2ba0d0d56c86736d9b2cc82061d1ca51b2e6a051?s=256&#038;d=mm&#038;r=g 2x' class='img-fluid comment-img avatar-128 photo' height='128' width='128' \/>\t\t<\/div>\n\t\t\t\t<div class=\"elementor-post__text\">\n\t\t\t\t<h3 class=\"elementor-post__title\">\n\t\t\t<a href=\"https:\/\/phoenix.mikd.at\/?p=9571\" >\n\t\t\t\tFrauenaktivit\u00e4t 2 &#8211; Reise nach Budapest\t\t\t<\/a>\n\t\t<\/h3>\n\t\t\t\t<div class=\"elementor-post__excerpt\">\n\t\t\t<p>Die Frauenabteilung des Ph\u00f6nix Vereins hat eine Reise nach Budapest organisiert, in der die Reisenden die alte Stadt und ihre Geschichte kennengelernt haben.<\/p>\n\t\t<\/div>\n\t\t\n\t\t<a class=\"elementor-post__read-more\" href=\"https:\/\/phoenix.mikd.at\/?p=9571\" aria-label=\"Read more about Frauenaktivit\u00e4t 2 &#8211; Reise nach Budapest\" tabindex=\"-1\" >\n\t\t\tMehr lesen \u00bb\t\t<\/a>\n\n\t\t\t\t<\/div>\n\t\t\t\t\t<\/div>\n\t\t<\/article>\n\t\t\t\t<\/div>\n\t\t\n\t\t\t\t<div class=\"e-load-more-anchor\" data-page=\"1\" data-max-page=\"8\" data-next-page=\"https:\/\/phoenix.mikd.at\/index.php?rest_route=%2Fwp%2Fv2%2Fpages%2F1031&#038;paged=2\"><\/div>\n\t\t\t\t<nav class=\"elementor-pagination\" aria-label=\"Pagination\">\n\t\t\t<span class=\"page-numbers prev\">&laquo; Previous<\/span>\n<span aria-current=\"page\" class=\"page-numbers current\"><span class=\"elementor-screen-only\">Page<\/span>1<\/span>\n<a class=\"page-numbers\" href=\"https:\/\/phoenix.mikd.at\/index.php\/?paged=2\"><span class=\"elementor-screen-only\">Page<\/span>2<\/a>\n<a class=\"page-numbers\" href=\"https:\/\/phoenix.mikd.at\/index.php\/?paged=3\"><span class=\"elementor-screen-only\">Page<\/span>3<\/a>\n<a class=\"page-numbers\" href=\"https:\/\/phoenix.mikd.at\/index.php\/?paged=4\"><span class=\"elementor-screen-only\">Page<\/span>4<\/a>\n<a class=\"page-numbers\" href=\"https:\/\/phoenix.mikd.at\/index.php\/?paged=5\"><span class=\"elementor-screen-only\">Page<\/span>5<\/a>\n<a class=\"page-numbers next\" href=\"https:\/\/phoenix.mikd.at\/index.php?rest_route=%2Fwp%2Fv2%2Fpages%2F1031&#038;paged=2\">Next &raquo;<\/a>\t\t<\/nav>\n\t\t\t\t\t\t<\/div>\n\t\t\t\t<\/div>\n\t\t\t\t<div class=\"elementor-element elementor-element-786b764 elementor-shape-rounded elementor-grid-0 e-grid-align-center elementor-widget elementor-widget-social-icons\" data-id=\"786b764\" data-element_type=\"widget\" data-widget_type=\"social-icons.default\">\n\t\t\t\t<div class=\"elementor-widget-container\">\n\t\t\t\t\t\t\t<div class=\"elementor-social-icons-wrapper elementor-grid\" role=\"list\">\n\t\t\t\t\t\t\t<span class=\"elementor-grid-item\" role=\"listitem\">\n\t\t\t\t\t<a class=\"elementor-icon elementor-social-icon elementor-social-icon-facebook elementor-repeater-item-5141175\" target=\"_blank\">\n\t\t\t\t\t\t<span class=\"elementor-screen-only\">Facebook<\/span>\n\t\t\t\t\t\t<i aria-hidden=\"true\" class=\"fab fa-facebook\"><\/i>\t\t\t\t\t<\/a>\n\t\t\t\t<\/span>\n\t\t\t\t\t\t\t<span class=\"elementor-grid-item\" role=\"listitem\">\n\t\t\t\t\t<a class=\"elementor-icon elementor-social-icon elementor-social-icon-instagram elementor-repeater-item-6d3be48\" target=\"_blank\">\n\t\t\t\t\t\t<span class=\"elementor-screen-only\">Instagram<\/span>\n\t\t\t\t\t\t<i aria-hidden=\"true\" class=\"fab fa-instagram\"><\/i>\t\t\t\t\t<\/a>\n\t\t\t\t<\/span>\n\t\t\t\t\t\t\t<span class=\"elementor-grid-item\" role=\"listitem\">\n\t\t\t\t\t<a class=\"elementor-icon elementor-social-icon elementor-social-icon-youtube elementor-repeater-item-db20a5c\" target=\"_blank\">\n\t\t\t\t\t\t<span class=\"elementor-screen-only\">Youtube<\/span>\n\t\t\t\t\t\t<i aria-hidden=\"true\" class=\"fab fa-youtube\"><\/i>\t\t\t\t\t<\/a>\n\t\t\t\t<\/span>\n\t\t\t\t\t<\/div>\n\t\t\t\t\t\t<\/div>\n\t\t\t\t<\/div>\n\t\t\t\t\t<\/div>\n\t\t<\/div>\n\t\t\t\t\t<\/div>\n\t\t<\/section>\n\t\t\t\t<\/div>\n\t\t","protected":false},"excerpt":{"rendered":"<p>Facebook Instagram Youtube<\/p>\n","protected":false},"author":1,"featured_media":0,"parent":0,"menu_order":7,"comment_status":"closed","ping_status":"closed","template":"","meta":{"footnotes":""},"class_list":["post-1031","page","type-page","status-publish","hentry"],"_links":{"self":[{"href":"https:\/\/phoenix.mikd.at\/index.php?rest_route=\/wp\/v2\/pages\/1031","targetHints":{"allow":["GET"]}}],"collection":[{"href":"https:\/\/phoenix.mikd.at\/index.php?rest_route=\/wp\/v2\/pages"}],"about":[{"href":"https:\/\/phoenix.mikd.at\/index.php?rest_route=\/wp\/v2\/types\/page"}],"author":[{"embeddable":true,"href":"https:\/\/phoenix.mikd.at\/index.php?rest_route=\/wp\/v2\/users\/1"}],"replies":[{"embeddable":true,"href":"https:\/\/phoenix.mikd.at\/index.php?rest_route=%2Fwp%2Fv2%2Fcomments&post=1031"}],"version-history":[{"count":104,"href":"https:\/\/phoenix.mikd.at\/index.php?rest_route=\/wp\/v2\/pages\/1031\/revisions"}],"predecessor-version":[{"id":9675,"href":"https:\/\/phoenix.mikd.at\/index.php?rest_route=\/wp\/v2\/pages\/1031\/revisions\/9675"}],"wp:attachment":[{"href":"https:\/\/phoenix.mikd.at\/index.php?rest_route=%2Fwp%2Fv2%2Fmedia&parent=1031"}],"curies":[{"name":"wp","href":"https:\/\/api.w.org\/{rel}","templated":true}]}}